{"id":1299,"date":"2023-07-04T22:42:44","date_gmt":"2023-07-04T22:42:44","guid":{"rendered":"https:\/\/vontac.mx\/?post_type=product&#038;p=1299"},"modified":"2023-12-21T20:36:09","modified_gmt":"2023-12-21T20:36:09","slug":"vontac-v-113","status":"publish","type":"product","link":"https:\/\/vontac.mx\/en\/producto\/vontac-v-113\/","title":{"rendered":"VONTAC V-113"},"content":{"rendered":"<p><strong>CARACTER\u00cdSTICAS GENERALES <\/strong><\/p>\n<p>Industria CALZADO Denominaci\u00f3n.<\/p>\n<p>Gen\u00e9rica : Pegamento V-113 Denominaci\u00f3n<\/p>\n<p>T\u00e9cnica : Pegamento V-113<\/p>\n<p>Unidad de medida : Kilogramo (kg.)<\/p>\n<p>Descripci\u00f3n general : Adhesivo de contacto ecol\u00f3gico base agua.<\/p>\n<p>Es un adhesivo no inflamable en estado l\u00edquido.<\/p>\n<p>&nbsp;<\/p>\n<p><strong>CARACTER\u00cdSTICAS T\u00c9CNICAS <\/strong><\/p>\n<p>Propiedades f\u00edsico-qu\u00edmicas<\/p>\n<p>Color: Blanco perlado, consistencia liquida.<\/p>\n<p>Olor: Ligero.<\/p>\n<p>Propiedades fisico-qu\u00edmicas pH (25\u00baC) 9.0 a 11.0 pH Viscosidad (Brookfield spindle 3, 30 rpm, 25\u00baC \uf0b1 0.5) 50 a 200 cPs Densidad 1.08 g\/cm3 S\u00f3lidos totales 52 \uf0b1 2% Punto de ebullici\u00f3n 95\u00baC ( 203\u00baF ) Punto de congelaci\u00f3n -1\u00baC<\/p>\n<p>&nbsp;<\/p>\n<p><strong>INFORMACI\u00d3N DE MANEJO Y APLICACIONES <\/strong><\/p>\n<p>Instrucciones de uso o manejo<\/p>\n<p>M\u00e9todos de aplicaci\u00f3n: Espreable o Brocha<\/p>\n<p>Preparaci\u00f3n de la superficie: Limpie las superficies de polvo, grasa, agua y \u00f3xidos.<\/p>\n<p>Aplicaci\u00f3n: Aplique una pel\u00edcula uniforme en la superficie lisa que desea unir.<\/p>\n<p>Pegado: Es necesario dar un tiempo de secado entre 5 y 10 minutos (las condiciones pueden variar si se utilizan equipos de secado) posteriormente se podr\u00e1 pegar por contacto el sustrato.<\/p>\n<p>El adhesivo tiene un tiempo abierto de 2 horas.<\/p>\n<p>Ensamblaje y aplicaci\u00f3n de presi\u00f3n: Una las superficies aplicando presi\u00f3n uniforme en toda la pieza.<\/p>\n<p>El uso de maquinar\u00eda mejora la adhesi\u00f3n y fuerza que se genera entre los sustratos.<\/p>\n<p>&nbsp;<\/p>\n<p><strong>USOS <\/strong><\/p>\n<p>Se utiliza principalmente en la industria de marroquiner\u00eda para hacer el pegado de piel con piel en la fabricaci\u00f3n de bolsos, cinturones, carteras y accesorios de piel. Tambi\u00e9n puede ser utilizado en la industria del calzado para el pegado y armado de cortes de piel.<\/p>\n<p>&nbsp;<\/p>\n<p><strong>OTRAS ESPECIFICACIONES <\/strong><\/p>\n<p>Presentaci\u00f3n El V-113 se comercializa en estado l\u00edquido. El V-113 se vende en las siguientes presentaciones: Porr\u00f3n 11 Kg, Porr\u00f3n 22 Kg, Tambor 220 Kg, Tote 1,000 Kg.<\/p>\n<p>&nbsp;<\/p>\n<p><strong>ALMACENAMIENTO <\/strong><\/p>\n<p>Cierre bien el envase despu\u00e9s de cada uso y almac\u00e9nelo en un lugar fresco y seco entre 15 y 25\u00baC. Apl\u00edquese en lugares bien ventilados y con el equipo de protecci\u00f3n personal especificado.<\/p>\n<p>Mantener fuera del alcance de los ni\u00f1os y animales.<\/p>\n<p>No contaminar agua, o alimentos, por almacenamiento o desecho.<\/p>\n<p>La temperatura m\u00ednima de almacenamiento es de 5\u00b0C (40\u00b0F) y una m\u00e1xima de 40\u00b0C (104\u00b0F).<\/p>\n<p>&nbsp;<\/p>\n<p><strong>PRECAUCIONES <\/strong><\/p>\n<p>No se ingiera. En caso de ingesti\u00f3n no se provoque el v\u00f3mito.<\/p>\n<p>Solicite atenci\u00f3n m\u00e9dica de inmediato.<\/p>\n<p>Evite el contacto con la piel y los ojos.<\/p>\n<p>No diluir el adhesivo.<\/p>\n<p>&nbsp;<\/p>\n<p><strong>USO DE LA MARCA REGISTRADA<\/strong><\/p>\n<p>Todas las marcas de este documento son marcas de WBP Company.<\/p>\n<p>&nbsp;<\/p>\n<p><strong>CERTIFICADOS <\/strong><\/p>\n<p>Si necesita alg\u00fan tipo de certificado favor de solicitarlo a su asesor t\u00e9cnico.<\/p>\n<p>&nbsp;<\/p>\n<p><strong>CADUCIDAD <\/strong><\/p>\n<p>El adhesivo cuenta con un tiempo de vida de 6 meses en contenedores que no han sido abiertos.<\/p>\n<p>&nbsp;<\/p>\n","protected":false},"excerpt":{"rendered":"<p>PEGADO DE PIEL CON ALTO TACK<\/p>\n","protected":false},"featured_media":6229,"comment_status":"open","ping_status":"closed","template":"","meta":{"_joinchat":[]},"product_cat":[30,62,63],"product_tag":[48],"class_list":["post-1299","product","type-product","status-publish","has-post-thumbnail","hentry","product_cat-adhesivo","product_cat-calzado","product_cat-marroquineria","product_tag-marroquineria"],"jetpack_sharing_enabled":true,"_links":{"self":[{"href":"https:\/\/vontac.mx\/en\/wp-json\/wp\/v2\/product\/1299","targetHints":{"allow":["GET"]}}],"collection":[{"href":"https:\/\/vontac.mx\/en\/wp-json\/wp\/v2\/product"}],"about":[{"href":"https:\/\/vontac.mx\/en\/wp-json\/wp\/v2\/types\/product"}],"replies":[{"embeddable":true,"href":"https:\/\/vontac.mx\/en\/wp-json\/wp\/v2\/comments?post=1299"}],"wp:featuredmedia":[{"embeddable":true,"href":"https:\/\/vontac.mx\/en\/wp-json\/wp\/v2\/media\/6229"}],"wp:attachment":[{"href":"https:\/\/vontac.mx\/en\/wp-json\/wp\/v2\/media?parent=1299"}],"wp:term":[{"taxonomy":"product_cat","embeddable":true,"href":"https:\/\/vontac.mx\/en\/wp-json\/wp\/v2\/product_cat?post=1299"},{"taxonomy":"product_tag","embeddable":true,"href":"https:\/\/vontac.mx\/en\/wp-json\/wp\/v2\/product_tag?post=1299"}],"curies":[{"name":"wp","href":"https:\/\/api.w.org\/{rel}","templated":true}]}}