{"id":1306,"date":"2023-07-04T22:57:34","date_gmt":"2023-07-04T22:57:34","guid":{"rendered":"https:\/\/vontac.mx\/?post_type=product&#038;p=1306"},"modified":"2023-12-27T18:27:29","modified_gmt":"2023-12-27T18:27:29","slug":"vontac-v-140","status":"publish","type":"product","link":"https:\/\/vontac.mx\/en\/producto\/vontac-v-140\/","title":{"rendered":"VONTAC V-140"},"content":{"rendered":"<p><strong>CARACTER\u00cdSTICAS GENERALES <\/strong><\/p>\n<p>Industria de Aplicaci\u00f3n : Calzado Denominaci\u00f3n<\/p>\n<p>Gen\u00e9rica : Pegamento V-140 Denominaci\u00f3n<\/p>\n<p>T\u00e9cnica : Pegamento V-140<\/p>\n<p>Unidad de medida : Kilogramo (kg.)<\/p>\n<p>Descripci\u00f3n general : Adhesivo de contacto ecol\u00f3gico base agua.<\/p>\n<p>Es un adhesivo no inflamable en estado l\u00edquido.<\/p>\n<p>&nbsp;<\/p>\n<p><strong>CARACTER\u00cdSTICAS T\u00c9CNICAS <\/strong><\/p>\n<p>Propiedades f\u00edsico-qu\u00edmicas<\/p>\n<p>Color: Blanco perlado, consistencia liquida.<\/p>\n<p>Olor: Ligero. Propiedades fisico-qu\u00edmicas pH (25\u00baC) 9.0 a 11.0 pH Viscosidad (Brookfield spindle 3, 12 rpm, 25\u00baC \uf0b1 0.5) 3,500 a 6,000 cPs Densidad 1.09 g\/cm3 S\u00f3lidos totales 55 \uf0b1 2% Punto de ebullici\u00f3n 95\u00baC ( 203\u00baF ) Punto de congelaci\u00f3n -1\u00baC<\/p>\n<p>&nbsp;<\/p>\n<p><strong>INFORMACI\u00d3N DE MANEJO Y APLICACIONES <\/strong><\/p>\n<p>Instrucciones de uso o manejo<\/p>\n<p>M\u00e9todos de aplicaci\u00f3n: Brocha o Rodillo (mec\u00e1nico o manual)<\/p>\n<p>Preparaci\u00f3n de la superficie: Limpie las superficies de polvo, grasa, agua y \u00f3xidos.<\/p>\n<p>Aplicaci\u00f3n: Aplique una pel\u00edcula uniforme en una sola cara o en ambas superficies que desea unir.<\/p>\n<p>Tiempo de secado: Puede pegar inmediatamente o dar un tiempo de 3 a 5 minutos para realizar la uni\u00f3n (condiciones de tiempo y sustratos pueden variar el tiempo de secado).<\/p>\n<p>*Consulte a su asesor Ensamblaje y aplicaci\u00f3n de presi\u00f3n: Una las superficies aplicando presi\u00f3n uniforme en toda la pieza.<\/p>\n<p>&nbsp;<\/p>\n<p>USOS<\/p>\n<p>Se utiliza para la industria de Calzado en el pegado de plantillas.<\/p>\n<p>En la industria de la marroquiner\u00eda para el pegado de piel con sint\u00e9tico, piel con piel<\/p>\n<p>&nbsp;<\/p>\n<p>OTRAS ESPECIFICACIONES<\/p>\n<p>Presentaci\u00f3n El V-140 se comercializa en estado l\u00edquido.<\/p>\n<p>El V-140 se vende en las siguientes presentaciones: Bid\u00f3n 11 Kg, Cubeta 19 Kg<\/p>\n<p>&nbsp;<\/p>\n<p>ALMACENAMIENTO<\/p>\n<p>Cierre bien el envase despu\u00e9s de cada uso y almac\u00e9nelo en un lugar fresco y seco entre 15 y 25\u00baC.<\/p>\n<p>Apl\u00edquese en lugares bien ventilados y con el equipo de protecci\u00f3n personal especificado.<\/p>\n<p>Mantener fuera del alcance de los ni\u00f1os y animales.<\/p>\n<p>No contaminar agua, o alimentos, por almacenamiento o desecho.<\/p>\n<p>La temperatura m\u00ednima de almacenamiento es de 5\u00b0C (40\u00b0F) y una m\u00e1xima de 40\u00b0C (104\u00b0F).<\/p>\n<p>&nbsp;<\/p>\n<p><strong>PRECAUCIONES <\/strong><\/p>\n<p>No se ingiera. En caso de ingesti\u00f3n no se provoque el v\u00f3mito. Solicite atenci\u00f3n m\u00e9dica de inmediato.<\/p>\n<p>Evite el contacto con la piel y los ojos.<\/p>\n<p>No diluir el adhesivo.<\/p>\n<p>USO DE LA MARCA REGISTRADA Todas las marcas de este documento son marcas de WBP Company. CERTIFICADOS Si necesita alg\u00fan tipo de certificado favor de solicitarlo a su asesor t\u00e9cnico. CADUCIDAD El adhesivo cuenta con un tiempo de vida de 6 meses.<\/p>\n<p>&nbsp;<\/p>\n","protected":false},"excerpt":{"rendered":"<p>EMPLANTILLADO DE CALZADO<\/p>\n","protected":false},"featured_media":6346,"comment_status":"open","ping_status":"closed","template":"","meta":{"_joinchat":[]},"product_cat":[30,62],"product_tag":[],"class_list":["post-1306","product","type-product","status-publish","has-post-thumbnail","hentry","product_cat-adhesivo","product_cat-calzado"],"jetpack_sharing_enabled":true,"_links":{"self":[{"href":"https:\/\/vontac.mx\/en\/wp-json\/wp\/v2\/product\/1306","targetHints":{"allow":["GET"]}}],"collection":[{"href":"https:\/\/vontac.mx\/en\/wp-json\/wp\/v2\/product"}],"about":[{"href":"https:\/\/vontac.mx\/en\/wp-json\/wp\/v2\/types\/product"}],"replies":[{"embeddable":true,"href":"https:\/\/vontac.mx\/en\/wp-json\/wp\/v2\/comments?post=1306"}],"wp:featuredmedia":[{"embeddable":true,"href":"https:\/\/vontac.mx\/en\/wp-json\/wp\/v2\/media\/6346"}],"wp:attachment":[{"href":"https:\/\/vontac.mx\/en\/wp-json\/wp\/v2\/media?parent=1306"}],"wp:term":[{"taxonomy":"product_cat","embeddable":true,"href":"https:\/\/vontac.mx\/en\/wp-json\/wp\/v2\/product_cat?post=1306"},{"taxonomy":"product_tag","embeddable":true,"href":"https:\/\/vontac.mx\/en\/wp-json\/wp\/v2\/product_tag?post=1306"}],"curies":[{"name":"wp","href":"https:\/\/api.w.org\/{rel}","templated":true}]}}