{"id":1354,"date":"2023-07-05T16:14:05","date_gmt":"2023-07-05T16:14:05","guid":{"rendered":"https:\/\/vontac.mx\/?post_type=product&#038;p=1354"},"modified":"2023-12-21T20:11:56","modified_gmt":"2023-12-21T20:11:56","slug":"vontac-v-349","status":"publish","type":"product","link":"https:\/\/vontac.mx\/en\/producto\/vontac-v-349\/","title":{"rendered":"Vontac V-349"},"content":{"rendered":"<p><b>CARACTER\u00cdSTICAS GENERALES<\/b><\/p>\n<p><span style=\"font-weight: 400;\">Industria de Aplicaci\u00f3n : \u00e1rea de BONDEADOS<\/span><\/p>\n<p><span style=\"font-weight: 400;\">Gen\u00e9rica : Pegamento V-349 Denominaci\u00f3n\u00a0<\/span><\/p>\n<p><span style=\"font-weight: 400;\">T\u00e9cnica : Pegamento V-349<\/span><\/p>\n<p><span style=\"font-weight: 400;\">Unidad de medida : Kilogramo (kg.)<\/span><\/p>\n<p><span style=\"font-weight: 400;\">Descripci\u00f3n general : Adhesivo de contacto ecol\u00f3gico base agua. Es un adhesivo no inflamable en estado l\u00edquido.<\/span><\/p>\n<p><b>CARACTER\u00cdSTICAS T\u00c9CNICAS<\/b><\/p>\n<p><b>Propiedades<\/b><span style=\"font-weight: 400;\">.<\/span><\/p>\n<p><span style=\"font-weight: 400;\">Color: Blanco perlado, consistencia l\u00edquida.<\/span><\/p>\n<p><span style=\"font-weight: 400;\">Olor: Ligero.\u00a0<\/span><\/p>\n<table>\n<tbody>\n<tr>\n<td colspan=\"2\"><span style=\"font-weight: 400;\">Propiedades fisico-qu\u00edmicas<\/span><\/td>\n<\/tr>\n<tr>\n<td><span style=\"font-weight: 400;\">pH (25\u00baC)\u00a0<\/span><\/td>\n<td><span style=\"font-weight: 400;\">8.00 a 10.00 pH<\/span><\/td>\n<\/tr>\n<tr>\n<td><span style=\"font-weight: 400;\">Viscosidad (Brookfield spindle 4, rpm 12, 25\u00baC\u00a0 0.5)<\/span><\/td>\n<td><span style=\"font-weight: 400;\">200 a 1000 cPs\u00a0<\/span><\/td>\n<\/tr>\n<tr>\n<td><span style=\"font-weight: 400;\">Densidad\u00a0<\/span><\/td>\n<td><span style=\"font-weight: 400;\">1.09 g\/cm3\u00a0<\/span><\/td>\n<\/tr>\n<tr>\n<td><span style=\"font-weight: 400;\">S\u00f3lidos totales<\/span><\/td>\n<td><span style=\"font-weight: 400;\">55 2%<\/span><\/td>\n<\/tr>\n<tr>\n<td><span style=\"font-weight: 400;\">Punto de ebullici\u00f3n<\/span><\/td>\n<td><span style=\"font-weight: 400;\">95\u00baC ( 203\u00baF )<\/span><\/td>\n<\/tr>\n<tr>\n<td><span style=\"font-weight: 400;\">Punto de congelaci\u00f3n<\/span><\/td>\n<td><span style=\"font-weight: 400;\">-1\u00baC<\/span><\/td>\n<\/tr>\n<\/tbody>\n<\/table>\n<p>&nbsp;<\/p>\n<p><b>INFORMACI\u00d3N DE MANEJO Y APLICACIONES<\/b><\/p>\n<p><span style=\"font-weight: 400;\">Instrucciones de uso o manejo<\/span><\/p>\n<p><b>M\u00e9todos de aplicaci\u00f3n<\/b><span style=\"font-weight: 400;\">:\u00a0 Pistola de Aire, Brocha o Rodillo (mec\u00e1nico o manual)<\/span><\/p>\n<p><b>Preparaci\u00f3n de la superficie<\/b><span style=\"font-weight: 400;\">: Limpie las superficies de polvo, grasa, agua y \u00f3xidos.<\/span><\/p>\n<p><b>Aplicaci\u00f3n<\/b><span style=\"font-weight: 400;\">: Aplique una pel\u00edcula uniforme en ambas superficies que desea unir.\u00a0<\/span><\/p>\n<p><b>Tiempo de secado<\/b><span style=\"font-weight: 400;\">: Puede pegar inmediatamente o dar un tiempo de 3 a 10 minutos para realizar la uni\u00f3n (condiciones de tiempo y sustratos pueden variar el tiempo de secado).\u00a0<\/span><\/p>\n<p><b>Tiempo abierto<\/b><span style=\"font-weight: 400;\">: 24 horas<\/span><\/p>\n<p><span style=\"font-weight: 400;\">*Consulte a su asesor*<\/span><\/p>\n<p><span style=\"font-weight: 400;\">\u00a0Ensamblaje y aplicaci\u00f3n de presi\u00f3n: Una las superficies aplicando presi\u00f3n uniforme en toda la pieza. (si se mantiene presionado por un periodo largo de tiempo 8h \u2013 12h mejora la adhesi\u00f3n hacia el sustrato\u00a0<\/span><\/p>\n<p><b>USOS<\/b><\/p>\n<p><span style=\"font-weight: 400;\">Una las superficies aplicando presi\u00f3n uniforme en toda la pieza. (si se mantiene presionado por un periodo largo de tiempo 8h \u2013 12h mejora la adhesi\u00f3n hacia el sustrato\u00a0<\/span><\/p>\n<p><b>OTRAS ESPECIFICACIONES<\/b><\/p>\n<p><b>Presentaci\u00f3n<\/b><span style=\"font-weight: 400;\"><br \/>\n<\/span><span style=\"font-weight: 400;\">El V-349 se comercializa en estado l\u00edquido.\u00a0<\/span><\/p>\n<p><span style=\"font-weight: 400;\">El V-349 se vende en las siguientes presentaciones: Bid\u00f3n 11 Kg, Cubeta 19 kg, Caja de Cart\u00f3n 20 kg, Tambor 210 kg<\/span><\/p>\n<p><b>ALMACENAMIENTO<\/b><\/p>\n<p><span style=\"font-weight: 400;\">Cierre bien el envase despu\u00e9s de cada uso y almac\u00e9nelo en un lugar fresco y seco entre 15 y 25\u00baC. Apl\u00edquese en lugares bien ventilados y con el equipo de protecci\u00f3n personal especificado. Mantener fuera del alcance de los ni\u00f1os y animales. No contaminar agua, o alimentos, por almacenamiento o desecho.<\/span><\/p>\n<p><span style=\"font-weight: 400;\">La temperatura m\u00ednima de almacenamiento es de 5\u00b0C (40\u00b0F) y una m\u00e1xima de 40\u00b0C (104\u00b0F).<\/span><\/p>\n<p><b>PRECAUCIONES<\/b><\/p>\n<p><span style=\"font-weight: 400;\">No se ingiera. En caso de ingesti\u00f3n no se provoque el v\u00f3mito. Solicite atenci\u00f3n m\u00e9dica de inmediato.<\/span><\/p>\n<p><span style=\"font-weight: 400;\">Evite el contacto con la piel y los ojos.<\/span><\/p>\n<p><span style=\"font-weight: 400;\">No diluir el adhesivo.<\/span><\/p>\n<p><b>USO DE LA MARCA REGISTRADA <\/b><span style=\"font-weight: 400;\">Todas las marcas de este documento son marcas de WBP Company.\u00a0<\/span><\/p>\n<p><b>CERTIFICADOS<\/b><span style=\"font-weight: 400;\"> Si necesita alg\u00fan tipo de certificado favor de solicitarlo a su asesor t\u00e9cnico.\u00a0<\/span><\/p>\n<p><b>CADUCIDAD<\/b><span style=\"font-weight: 400;\">\u00a0<\/span><\/p>\n<p><span style=\"font-weight: 400;\">El adhesivo cuenta con un tiempo de vida de 6 meses.<\/span><\/p>\n","protected":false},"excerpt":{"rendered":"<p>PARA BONDEADOS DE EVA<\/p>\n","protected":false},"featured_media":6238,"comment_status":"open","ping_status":"closed","template":"","meta":{"_joinchat":[]},"product_cat":[30,62],"product_tag":[],"class_list":["post-1354","product","type-product","status-publish","has-post-thumbnail","hentry","product_cat-adhesivo","product_cat-calzado"],"jetpack_sharing_enabled":true,"_links":{"self":[{"href":"https:\/\/vontac.mx\/en\/wp-json\/wp\/v2\/product\/1354","targetHints":{"allow":["GET"]}}],"collection":[{"href":"https:\/\/vontac.mx\/en\/wp-json\/wp\/v2\/product"}],"about":[{"href":"https:\/\/vontac.mx\/en\/wp-json\/wp\/v2\/types\/product"}],"replies":[{"embeddable":true,"href":"https:\/\/vontac.mx\/en\/wp-json\/wp\/v2\/comments?post=1354"}],"wp:featuredmedia":[{"embeddable":true,"href":"https:\/\/vontac.mx\/en\/wp-json\/wp\/v2\/media\/6238"}],"wp:attachment":[{"href":"https:\/\/vontac.mx\/en\/wp-json\/wp\/v2\/media?parent=1354"}],"wp:term":[{"taxonomy":"product_cat","embeddable":true,"href":"https:\/\/vontac.mx\/en\/wp-json\/wp\/v2\/product_cat?post=1354"},{"taxonomy":"product_tag","embeddable":true,"href":"https:\/\/vontac.mx\/en\/wp-json\/wp\/v2\/product_tag?post=1354"}],"curies":[{"name":"wp","href":"https:\/\/api.w.org\/{rel}","templated":true}]}}