{"id":1359,"date":"2023-07-05T16:42:37","date_gmt":"2023-07-05T16:42:37","guid":{"rendered":"https:\/\/vontac.mx\/?post_type=product&#038;p=1359"},"modified":"2024-02-23T19:38:56","modified_gmt":"2024-02-23T19:38:56","slug":"vontac-v-419","status":"publish","type":"product","link":"https:\/\/vontac.mx\/en\/producto\/vontac-v-419\/","title":{"rendered":"Vontac V-419"},"content":{"rendered":"<p><b>CARACTER\u00cdSTICAS GENERALES<\/b><\/p>\n<p><span style=\"font-weight: 400;\">Industria de Aplicaci\u00f3n : \u00e1rea de etiquetas autoadheribles.<\/span><\/p>\n<p><span style=\"font-weight: 400;\">Gen\u00e9rica : Pegamento V-419 Denominaci\u00f3n\u00a0<\/span><\/p>\n<p><span style=\"font-weight: 400;\">T\u00e9cnica : Pegamento V-419<\/span><\/p>\n<p><span style=\"font-weight: 400;\">Unidad de medida : Kilogramo (kg.)<\/span><\/p>\n<p><span style=\"font-weight: 400;\">Descripci\u00f3n general : Adhesivo Sensitivo a la presi\u00f3n base agua. Muy alto tack, alta fuerza de shear, alta fuerza de peel y tiempo abierto prolongado.\u00a0<\/span><\/p>\n<p><b>CARACTER\u00cdSTICAS T\u00c9CNICAS<\/b><\/p>\n<p><b>Propiedades<\/b><span style=\"font-weight: 400;\">.<\/span><\/p>\n<p><span style=\"font-weight: 400;\">Color: Beige, consistencia viscosa<\/span><\/p>\n<p><span style=\"font-weight: 400;\">Olor: Caracter\u00edstico.\u00a0<\/span><\/p>\n<table>\n<tbody>\n<tr>\n<td colspan=\"2\"><span style=\"font-weight: 400;\">Propiedades fisico-qu\u00edmicas<\/span><\/td>\n<\/tr>\n<tr>\n<td><span style=\"font-weight: 400;\">pH (25\u00baC)\u00a0<\/span><\/td>\n<td><span style=\"font-weight: 400;\">3.0 a 5.0 pH<\/span><\/td>\n<\/tr>\n<tr>\n<td><span style=\"font-weight: 400;\">Viscosidad (Brookfield spindle 3, 12 rpm, 25\u00baC\u00a0 0.5)\u00a0<\/span><\/td>\n<td><span style=\"font-weight: 400;\">4,000 \u2013 12,000 Cps<\/span><\/td>\n<\/tr>\n<tr>\n<td><span style=\"font-weight: 400;\">Densidad (25\u00baC)\u00a0<\/span><\/td>\n<td><span style=\"font-weight: 400;\">1.02 g\/cm3<\/span><\/td>\n<\/tr>\n<tr>\n<td><span style=\"font-weight: 400;\">S\u00f3lidos totales<\/span><\/td>\n<td><span style=\"font-weight: 400;\">66%\u00a0 2%<\/span><\/td>\n<\/tr>\n<tr>\n<td><span style=\"font-weight: 400;\">Punto de ebullici\u00f3n<\/span><\/td>\n<td><span style=\"font-weight: 400;\">95\u00baC ( 203\u00baF )<\/span><\/td>\n<\/tr>\n<tr>\n<td><span style=\"font-weight: 400;\">Punto de congelaci\u00f3n<\/span><\/td>\n<td><span style=\"font-weight: 400;\">-1\u00baC<\/span><\/td>\n<\/tr>\n<\/tbody>\n<\/table>\n<p>&nbsp;<\/p>\n<p><b>INFORMACI\u00d3N DE MANEJO Y APLICACIONES<\/b><\/p>\n<p><span style=\"font-weight: 400;\">Instrucciones de uso o manejo<\/span><\/p>\n<p><b>M\u00e9todos de aplicaci\u00f3n<\/b><span style=\"font-weight: 400;\">:\u00a0 Esponja, Brocha o Rodillo (mec\u00e1nico o manual)<\/span><\/p>\n<p><b>Preparaci\u00f3n de la superficie<\/b><span style=\"font-weight: 400;\">: Limpie las superficies de polvo, grasa, agua y \u00f3xidos.<\/span><\/p>\n<p><b>Aplicaci\u00f3n<\/b><span style=\"font-weight: 400;\">: Aplique una pel\u00edcula uniforme en UNA o en ambas superficies que desea unir.<\/span><\/p>\n<p><b>Tiempo de secado: Deje secar 10 a 20 minutos antes de hacer el ensamble. Tiempo abierto: 24 horas<\/b><span style=\"font-weight: 400;\">.\u00a0<\/span><\/p>\n<p><b>Ensamblaje y aplicaci\u00f3n de presi\u00f3n<\/b><span style=\"font-weight: 400;\">: Una las superficies aplicando presi\u00f3n uniforme en toda la pieza.<\/span><\/p>\n<p><b>USOS<\/b><\/p>\n<p><span style=\"font-weight: 400;\">Es utilizado principalmente en la industria de etiquetas autoadheribles. De igual forma es utilizado en la industria de las cintas adhesivas. Tiene la capacidad de pegar aplicando solo a una cara<\/span><\/p>\n<p><b>OTRAS ESPECIFICACIONES<\/b><\/p>\n<p><b>Presentaci\u00f3n<\/b><span style=\"font-weight: 400;\"><br \/>\n<\/span><span style=\"font-weight: 400;\">El V-419 se comercializa en estado l\u00edquido.\u00a0<\/span><\/p>\n<p><span style=\"font-weight: 400;\">El V-419 se vende en las siguientes presentaciones: Tambor de 200 kg, Tote de 1,100 kg<\/span><\/p>\n<p><b>ALMACENAMIENTO<\/b><\/p>\n<p><span style=\"font-weight: 400;\">Cierre bien el envase despu\u00e9s de cada uso y almac\u00e9nese en un lugar fresco y seco entre 15 y 25\u00baC. Apl\u00edquese en lugares bien ventilados y con el equipo de protecci\u00f3n personal especificado. Mantener fuera del alcance de los ni\u00f1os y animales. No contaminar agua, o alimentos, por almacenamiento o desecho.\u00a0<\/span><\/p>\n<p><span style=\"font-weight: 400;\">La temperatura m\u00ednima de almacenamiento es de 5\u00b0C (40\u00b0F) y una m\u00e1xima de 40\u00b0C (104\u00b0F).<\/span><\/p>\n<p><b>PRECAUCIONES<\/b><\/p>\n<p><span style=\"font-weight: 400;\">No se ingiera. En caso de ingesti\u00f3n no se provoque el v\u00f3mito. Solicite atenci\u00f3n m\u00e9dica de inmediato.<\/span><\/p>\n<p><span style=\"font-weight: 400;\">Evite el contacto con la piel y los ojos.<\/span><\/p>\n<p><span style=\"font-weight: 400;\">No diluir el adhesivo.<\/span><\/p>\n<p><b>USO DE LA MARCA REGISTRADA <\/b><span style=\"font-weight: 400;\">Todas las marcas de este documento son marcas de WBP Company.\u00a0<\/span><\/p>\n<p><b>CERTIFICADOS<\/b><span style=\"font-weight: 400;\"> Si necesita alg\u00fan tipo de certificado favor de solicitarlo a su asesor t\u00e9cnico.\u00a0<\/span><\/p>\n<p><b>CADUCIDAD<\/b><span style=\"font-weight: 400;\">\u00a0<\/span><\/p>\n<p><span style=\"font-weight: 400;\">El adhesivo cuenta con un tiempo de vida de 6 meses.<\/span><\/p>\n","protected":false},"excerpt":{"rendered":"<p>SENSITIVO A LA PRESI\u00d3N<\/p>\n","protected":false},"featured_media":6228,"comment_status":"open","ping_status":"closed","template":"","meta":{"_joinchat":[]},"product_cat":[30,67],"product_tag":[],"class_list":["post-1359","product","type-product","status-publish","has-post-thumbnail","hentry","product_cat-adhesivo","product_cat-etiquetas"],"jetpack_sharing_enabled":true,"_links":{"self":[{"href":"https:\/\/vontac.mx\/en\/wp-json\/wp\/v2\/product\/1359","targetHints":{"allow":["GET"]}}],"collection":[{"href":"https:\/\/vontac.mx\/en\/wp-json\/wp\/v2\/product"}],"about":[{"href":"https:\/\/vontac.mx\/en\/wp-json\/wp\/v2\/types\/product"}],"replies":[{"embeddable":true,"href":"https:\/\/vontac.mx\/en\/wp-json\/wp\/v2\/comments?post=1359"}],"wp:featuredmedia":[{"embeddable":true,"href":"https:\/\/vontac.mx\/en\/wp-json\/wp\/v2\/media\/6228"}],"wp:attachment":[{"href":"https:\/\/vontac.mx\/en\/wp-json\/wp\/v2\/media?parent=1359"}],"wp:term":[{"taxonomy":"product_cat","embeddable":true,"href":"https:\/\/vontac.mx\/en\/wp-json\/wp\/v2\/product_cat?post=1359"},{"taxonomy":"product_tag","embeddable":true,"href":"https:\/\/vontac.mx\/en\/wp-json\/wp\/v2\/product_tag?post=1359"}],"curies":[{"name":"wp","href":"https:\/\/api.w.org\/{rel}","templated":true}]}}