{"id":1368,"date":"2023-07-05T17:19:24","date_gmt":"2023-07-05T17:19:24","guid":{"rendered":"https:\/\/vontac.mx\/?post_type=product&#038;p=1368"},"modified":"2024-02-23T19:39:28","modified_gmt":"2024-02-23T19:39:28","slug":"vontac-v-603","status":"publish","type":"product","link":"https:\/\/vontac.mx\/en\/producto\/vontac-v-603\/","title":{"rendered":"Vontac V-603"},"content":{"rendered":"<p><b>CARACTER\u00cdSTICAS GENERALES<\/b><\/p>\n<p><span style=\"font-weight: 400;\">Industria de Aplicaci\u00f3n : Industria del cart\u00f3n.<\/span><\/p>\n<p><span style=\"font-weight: 400;\">Gen\u00e9rica : Pegamento V-603 Denominaci\u00f3n\u00a0<\/span><\/p>\n<p><span style=\"font-weight: 400;\">T\u00e9cnica : Pegamento V-603<\/span><\/p>\n<p><span style=\"font-weight: 400;\">Unidad de medida : Kilogramo (kg.)<\/span><\/p>\n<p><span style=\"font-weight: 400;\">Descripci\u00f3n general : Adhesivo de contacto ecol\u00f3gico base agua. Es un adhesivo no inflamable en estado l\u00edquido.\u00a0<\/span><\/p>\n<p><b>CARACTER\u00cdSTICAS T\u00c9CNICAS<\/b><\/p>\n<p><b>Propiedades<\/b><span style=\"font-weight: 400;\">.<\/span><\/p>\n<p><span style=\"font-weight: 400;\">Color: Blanco perlado, consistencia l\u00edquida<\/span><\/p>\n<p><span style=\"font-weight: 400;\">Olor: Ligero.\u00a0<\/span><\/p>\n<table>\n<tbody>\n<tr>\n<td colspan=\"2\"><span style=\"font-weight: 400;\">Propiedades fisico-qu\u00edmicas<\/span><\/td>\n<\/tr>\n<tr>\n<td><span style=\"font-weight: 400;\">pH (25\u00baC)\u00a0<\/span><\/td>\n<td><span style=\"font-weight: 400;\">5.0 a 9.0 pH<\/span><\/td>\n<\/tr>\n<tr>\n<td><span style=\"font-weight: 400;\">Viscosidad (Brookfield spindle 4, rpm 6, 25\u00baC\u00a0 0.5)<\/span><\/td>\n<td><span style=\"font-weight: 400;\">6,000 a 9,000 cPs<\/span><\/td>\n<\/tr>\n<tr>\n<td><span style=\"font-weight: 400;\">Densidad (25\u00baC)\u00a0<\/span><\/td>\n<td><span style=\"font-weight: 400;\">1.083 g\/cm3\u00a0<\/span><\/td>\n<\/tr>\n<tr>\n<td><span style=\"font-weight: 400;\">S\u00f3lidos totales<\/span><\/td>\n<td><span style=\"font-weight: 400;\">56\u00a0 2%<\/span><\/td>\n<\/tr>\n<tr>\n<td><span style=\"font-weight: 400;\">Punto de ebullici\u00f3n<\/span><\/td>\n<td><span style=\"font-weight: 400;\">38\u00baC<\/span><\/td>\n<\/tr>\n<tr>\n<td><span style=\"font-weight: 400;\">Punto de congelaci\u00f3n<\/span><\/td>\n<td><span style=\"font-weight: 400;\">-2\u00baC<\/span><\/td>\n<\/tr>\n<\/tbody>\n<\/table>\n<p>&nbsp;<\/p>\n<p><b>INFORMACI\u00d3N DE MANEJO Y APLICACIONES<\/b><\/p>\n<p><span style=\"font-weight: 400;\">Instrucciones de uso o manejo<\/span><\/p>\n<p><b>M\u00e9todos de aplicaci\u00f3n<\/b><span style=\"font-weight: 400;\">: Mamila o Rodillo (mec\u00e1nico o manual)<\/span><\/p>\n<p><b>Preparaci\u00f3n de la superficie<\/b><span style=\"font-weight: 400;\">: Limpie las superficies de polvo, grasa, agua y \u00f3xidos.<\/span><\/p>\n<p><b>Aplicaci\u00f3n<\/b><span style=\"font-weight: 400;\">: Aplique una pel\u00edcula uniforme en ambas superficies que desea unir<\/span><\/p>\n<p><b>Pegado: <\/b><span style=\"font-weight: 400;\">El pegado es de forma inmediata trat\u00e1ndose de una aplicaci\u00f3n en banda automatizada o semiautomatizada. Si la operaci\u00f3n es en c\u00e9lulas el pegado puede generarse en cuesti\u00f3n de segundos pero es necesario ejercer presi\u00f3n posterior al pegado..<\/span><\/p>\n<p><b>Ensamblaje y aplicaci\u00f3n de presi\u00f3n<\/b><span style=\"font-weight: 400;\">: Una las superficies aplicando presi\u00f3n uniforme en toda la pieza. (si se mantiene presionado por un periodo de 5 a 10 minutos se mejora la penetraci\u00f3n y agarre de los sustratos).\u00a0<\/span><\/p>\n<p><b>USOS<\/b><\/p>\n<p><span style=\"font-weight: 400;\">Se utiliza para la industria del cart\u00f3n principalmente para el pegado de cajas plegadizas o armado de caja plastificada.\u00a0<\/span><\/p>\n<p><b>OTRAS ESPECIFICACIONES<\/b><\/p>\n<p><b>Presentaci\u00f3n<\/b><span style=\"font-weight: 400;\"><br \/>\n<\/span><span style=\"font-weight: 400;\">El V-603 se comercializa en estado l\u00edquido.\u00a0<\/span><\/p>\n<p><span style=\"font-weight: 400;\">El V-603 se vende en las siguientes presentaciones: Cubeta 19 kg, Tambor 220 kg\u00a0<\/span><\/p>\n<p><b>ALMACENAMIENTO<\/b><\/p>\n<p><span style=\"font-weight: 400;\">Cierre bien el envase despu\u00e9s de cada uso y almac\u00e9nelo en un lugar fresco y seco entre 15 y 25\u00baC. Apl\u00edquese en lugares bien ventilados y con el equipo de protecci\u00f3n personal especificado. Mantener fuera del alcance de los ni\u00f1os y animales. No contaminar agua, o alimentos, por almacenamiento o desecho<\/span><\/p>\n<p><b>PRECAUCIONES<\/b><\/p>\n<p><span style=\"font-weight: 400;\">No se ingiera. En caso de ingesti\u00f3n no se provoque el v\u00f3mito. Solicite atenci\u00f3n m\u00e9dica de inmediato.<\/span><\/p>\n<p><span style=\"font-weight: 400;\">Evite el contacto con la piel y los ojos.<\/span><\/p>\n<p><span style=\"font-weight: 400;\">No diluir el adhesivo.<\/span><\/p>\n<p><b>USO DE LA MARCA REGISTRADA <\/b><span style=\"font-weight: 400;\">Todas las marcas de este documento son marcas de WBP Company.\u00a0<\/span><\/p>\n<p><b>CERTIFICADOS<\/b><span style=\"font-weight: 400;\"> Si necesita alg\u00fan tipo de certificado favor de solicitarlo a su asesor t\u00e9cnico.\u00a0<\/span><\/p>\n<p><b>CADUCIDAD<\/b><span style=\"font-weight: 400;\">\u00a0<\/span><\/p>\n<p><span style=\"font-weight: 400;\">El adhesivo cuenta con un tiempo de vida de 6 meses.<\/span><\/p>\n<p><span style=\"font-weight: 400;\">\u00a0<\/span><\/p>\n<p>&nbsp;<\/p>\n","protected":false},"excerpt":{"rendered":"<table width=\"501\">\n<tbody>\n<tr>\n<td width=\"501\">CAJA PLEGADIZA<\/td>\n<\/tr>\n<\/tbody>\n<\/table>\n","protected":false},"featured_media":6237,"comment_status":"open","ping_status":"closed","template":"","meta":{"_joinchat":[]},"product_cat":[30,64],"product_tag":[],"class_list":["post-1368","product","type-product","status-publish","has-post-thumbnail","hentry","product_cat-adhesivo","product_cat-carton"],"jetpack_sharing_enabled":true,"_links":{"self":[{"href":"https:\/\/vontac.mx\/en\/wp-json\/wp\/v2\/product\/1368","targetHints":{"allow":["GET"]}}],"collection":[{"href":"https:\/\/vontac.mx\/en\/wp-json\/wp\/v2\/product"}],"about":[{"href":"https:\/\/vontac.mx\/en\/wp-json\/wp\/v2\/types\/product"}],"replies":[{"embeddable":true,"href":"https:\/\/vontac.mx\/en\/wp-json\/wp\/v2\/comments?post=1368"}],"wp:featuredmedia":[{"embeddable":true,"href":"https:\/\/vontac.mx\/en\/wp-json\/wp\/v2\/media\/6237"}],"wp:attachment":[{"href":"https:\/\/vontac.mx\/en\/wp-json\/wp\/v2\/media?parent=1368"}],"wp:term":[{"taxonomy":"product_cat","embeddable":true,"href":"https:\/\/vontac.mx\/en\/wp-json\/wp\/v2\/product_cat?post=1368"},{"taxonomy":"product_tag","embeddable":true,"href":"https:\/\/vontac.mx\/en\/wp-json\/wp\/v2\/product_tag?post=1368"}],"curies":[{"name":"wp","href":"https:\/\/api.w.org\/{rel}","templated":true}]}}