{"id":1693,"date":"2023-07-05T23:37:30","date_gmt":"2023-07-05T23:37:30","guid":{"rendered":"https:\/\/vontac.mx\/?post_type=product&#038;p=1693"},"modified":"2023-11-22T17:24:44","modified_gmt":"2023-11-22T17:24:44","slug":"sistema-sg","status":"publish","type":"product","link":"https:\/\/vontac.mx\/en\/producto\/sistema-sg\/","title":{"rendered":"SISTEMA SG"},"content":{"rendered":"<p><strong>Descripci\u00f3n<\/strong><\/p>\n<p>Este sistema utiliza un m\u00e9todo de suministro de adhesivo por gravedad desde un contenedor de 20 kg (5 galones) el cual esta elevado a una altura recomendada de 2.4 metros sobre el piso y puede suministrar adhesivo a 1 pistola a su vez. El adhesivo baja a trav\u00e9s de una manguera y va directamente hacia la pistola para hacer una aplicaci\u00f3n directa del adhesivo al sustrato deseado.<\/p>\n<p><strong>Beneficios<\/strong><\/p>\n<ul>\n<li>Es un equipo de bajo costo.<\/li>\n<li>No requiere mantenimiento.<\/li>\n<li>Su instalaci\u00f3n es muy sencilla.<\/li>\n<li>Consumo m\u00ednimo de aire.<\/li>\n<li>F\u00e1cil operaci\u00f3n del equipo.<\/li>\n<li>Recomendable para lugares donde se tenga poco espacio en piso.<\/li>\n<li>Puede ser utilizado en diferentes industrias y aplicaciones.<\/li>\n<li>Empaque ecol\u00f3gico y reutilizable.<\/li>\n<\/ul>\n<p><strong>Caracter\u00edsticas T\u00e9cnicas<\/strong><\/p>\n<ul>\n<li>Salida a una pistola<\/li>\n<li>Libera un flujo de material de 1.5 gramo por segundo (Boquilla 1.8 mm)<\/li>\n<li>Se recomienda elevar a una altura m\u00ednima de 2.4 metros<\/li>\n<\/ul>\n<p><strong>Usos recomendados<\/strong><\/p>\n<p>Ideal para ser utilizado en la industria de muebles, espumas y colchones donde se requiera aplicaci\u00f3n espreable del adhesivo y se de vital importancia un abastecimiento continuo de adhesivo sin la necesidad de estar haciendo recargas de material constantes.<\/p>\n<p><strong>Requerimientos para poder aplicar<\/strong><\/p>\n<p>Se requiere una conexi\u00f3n de aire, un regulador de aire y una pistola HVLP para su correcta aplicaci\u00f3n, as\u00ed mismo se deber\u00e1 recibir un curso de capacitaci\u00f3n.<\/p>\n","protected":false},"excerpt":{"rendered":"<p>Descripci\u00f3n Este sistema utiliza un m\u00e9todo de suministro de adhesivo por gravedad desde un contenedor de 20 kg (5 galones) el cual esta elevado a una altura recomendada de 2.4 metros sobre el piso y puede suministrar adhesivo a 1 pistola a su vez. El adhesivo baja a trav\u00e9s de una manguera y va directamente [&hellip;]<\/p>\n","protected":false},"featured_media":4884,"comment_status":"open","ping_status":"closed","template":"","meta":{"_joinchat":[]},"product_cat":[29],"product_tag":[],"class_list":["post-1693","product","type-product","status-publish","has-post-thumbnail","hentry","product_cat-equipos"],"jetpack_sharing_enabled":true,"_links":{"self":[{"href":"https:\/\/vontac.mx\/en\/wp-json\/wp\/v2\/product\/1693","targetHints":{"allow":["GET"]}}],"collection":[{"href":"https:\/\/vontac.mx\/en\/wp-json\/wp\/v2\/product"}],"about":[{"href":"https:\/\/vontac.mx\/en\/wp-json\/wp\/v2\/types\/product"}],"replies":[{"embeddable":true,"href":"https:\/\/vontac.mx\/en\/wp-json\/wp\/v2\/comments?post=1693"}],"wp:featuredmedia":[{"embeddable":true,"href":"https:\/\/vontac.mx\/en\/wp-json\/wp\/v2\/media\/4884"}],"wp:attachment":[{"href":"https:\/\/vontac.mx\/en\/wp-json\/wp\/v2\/media?parent=1693"}],"wp:term":[{"taxonomy":"product_cat","embeddable":true,"href":"https:\/\/vontac.mx\/en\/wp-json\/wp\/v2\/product_cat?post=1693"},{"taxonomy":"product_tag","embeddable":true,"href":"https:\/\/vontac.mx\/en\/wp-json\/wp\/v2\/product_tag?post=1693"}],"curies":[{"name":"wp","href":"https:\/\/api.w.org\/{rel}","templated":true}]}}