{"id":1697,"date":"2023-07-05T23:45:00","date_gmt":"2023-07-05T23:45:00","guid":{"rendered":"https:\/\/vontac.mx\/?post_type=product&#038;p=1697"},"modified":"2024-02-15T19:21:38","modified_gmt":"2024-02-15T19:21:38","slug":"pistola-dux","status":"publish","type":"product","link":"https:\/\/vontac.mx\/en\/producto\/pistola-dux\/","title":{"rendered":"PISTOLA DUX"},"content":{"rendered":"<p>Excelente para aplicaci\u00f3n de adhesivo monocomponentes de un tama\u00f1o practico y ligero con una tecnolog\u00eda ideal que reduce en un 50% el overspray a comparaci\u00f3n de cualquier pistola tradicional con tecnolog\u00eda HVLP.<\/p>\n","protected":false},"excerpt":{"rendered":"<p>Excelente para aplicaci\u00f3n de adhesivo monocomponentes de un tama\u00f1o practico y ligero con una tecnolog\u00eda ideal que reduce en un 50% el overspray a comparaci\u00f3n de cualquier pistola tradicional con tecnolog\u00eda HVLP.<\/p>\n","protected":false},"featured_media":4079,"comment_status":"open","ping_status":"closed","template":"","meta":{"_joinchat":[]},"product_cat":[29],"product_tag":[],"class_list":["post-1697","product","type-product","status-publish","has-post-thumbnail","hentry","product_cat-equipos"],"jetpack_sharing_enabled":true,"_links":{"self":[{"href":"https:\/\/vontac.mx\/en\/wp-json\/wp\/v2\/product\/1697","targetHints":{"allow":["GET"]}}],"collection":[{"href":"https:\/\/vontac.mx\/en\/wp-json\/wp\/v2\/product"}],"about":[{"href":"https:\/\/vontac.mx\/en\/wp-json\/wp\/v2\/types\/product"}],"replies":[{"embeddable":true,"href":"https:\/\/vontac.mx\/en\/wp-json\/wp\/v2\/comments?post=1697"}],"wp:featuredmedia":[{"embeddable":true,"href":"https:\/\/vontac.mx\/en\/wp-json\/wp\/v2\/media\/4079"}],"wp:attachment":[{"href":"https:\/\/vontac.mx\/en\/wp-json\/wp\/v2\/media?parent=1697"}],"wp:term":[{"taxonomy":"product_cat","embeddable":true,"href":"https:\/\/vontac.mx\/en\/wp-json\/wp\/v2\/product_cat?post=1697"},{"taxonomy":"product_tag","embeddable":true,"href":"https:\/\/vontac.mx\/en\/wp-json\/wp\/v2\/product_tag?post=1697"}],"curies":[{"name":"wp","href":"https:\/\/api.w.org\/{rel}","templated":true}]}}