{"id":3834,"date":"2023-08-11T17:12:24","date_gmt":"2023-08-11T17:12:24","guid":{"rendered":"https:\/\/vontac.mx\/?post_type=product&#038;p=3834"},"modified":"2024-02-23T19:35:47","modified_gmt":"2024-02-23T19:35:47","slug":"adhesivo-v-100","status":"publish","type":"product","link":"https:\/\/vontac.mx\/en\/producto\/adhesivo-v-100\/","title":{"rendered":"Adhesivo V-100"},"content":{"rendered":"<p><a href=\"https:\/\/vontac.mx\/wp-content\/uploads\/2023\/08\/Ficha-tecnica-V-100.pdf\">Ficha t\u00e9cnica V-100<\/a><\/p>\n<p><span style=\"font-weight: 400;\">Para pegar piel con piel, Especial para montado en calzado, marroquiner\u00eda y cinturones sin costura.<\/span><\/p>\n<p><span style=\"font-weight: 400;\">Este adhesivo es tipo pasta por lo que su aplicaci\u00f3n es con cepillo, brocha o esp\u00e1tula.Se debe aplicar a los dos sustratos y dejar secar de 10 a 15 min despu\u00e9s pegar.<\/span><\/p>\n<p><span style=\"font-weight: 400;\"><strong>Tama\u00f1o:<\/strong> 19 kilos.<\/span><\/p>\n<p><span style=\"font-weight: 400;\"><strong>Caducidad:<\/strong> 6 meses\u00a0<\/span><\/p>\n<p><span style=\"font-weight: 400;\"><strong>Color:<\/strong> blanco<\/span><\/p>\n","protected":false},"excerpt":{"rendered":"<p>MONTADO (LARGO TIEMPO ABIERTO)<\/p>\n","protected":false},"featured_media":6239,"comment_status":"open","ping_status":"closed","template":"","meta":{"_joinchat":[]},"product_cat":[30,62],"product_tag":[],"class_list":["post-3834","product","type-product","status-publish","has-post-thumbnail","hentry","product_cat-adhesivo","product_cat-calzado"],"jetpack_sharing_enabled":true,"_links":{"self":[{"href":"https:\/\/vontac.mx\/en\/wp-json\/wp\/v2\/product\/3834","targetHints":{"allow":["GET"]}}],"collection":[{"href":"https:\/\/vontac.mx\/en\/wp-json\/wp\/v2\/product"}],"about":[{"href":"https:\/\/vontac.mx\/en\/wp-json\/wp\/v2\/types\/product"}],"replies":[{"embeddable":true,"href":"https:\/\/vontac.mx\/en\/wp-json\/wp\/v2\/comments?post=3834"}],"wp:featuredmedia":[{"embeddable":true,"href":"https:\/\/vontac.mx\/en\/wp-json\/wp\/v2\/media\/6239"}],"wp:attachment":[{"href":"https:\/\/vontac.mx\/en\/wp-json\/wp\/v2\/media?parent=3834"}],"wp:term":[{"taxonomy":"product_cat","embeddable":true,"href":"https:\/\/vontac.mx\/en\/wp-json\/wp\/v2\/product_cat?post=3834"},{"taxonomy":"product_tag","embeddable":true,"href":"https:\/\/vontac.mx\/en\/wp-json\/wp\/v2\/product_tag?post=3834"}],"curies":[{"name":"wp","href":"https:\/\/api.w.org\/{rel}","templated":true}]}}