{"id":5744,"date":"2023-12-15T15:57:29","date_gmt":"2023-12-15T15:57:29","guid":{"rendered":"https:\/\/vontac.mx\/?post_type=product&#038;p=5744"},"modified":"2024-02-23T19:36:07","modified_gmt":"2024-02-23T19:36:07","slug":"adhesivo-v-128-2","status":"publish","type":"product","link":"https:\/\/vontac.mx\/en\/producto\/adhesivo-v-128-2\/","title":{"rendered":"Adhesivo V-128"},"content":{"rendered":"<p>\u2022 Adhesivo sensitivo a la presi\u00f3n de alta viscosidad<br \/>\n\u2022 No escurre<br \/>\n\u2022 Alto tack (muy pegajoso)<\/p>\n<p>Es utilizado principalmente en la industria de artes gr\u00e1ficas, serigraf\u00eda y bordadoras, es utilizado en la industria de la marroquiner\u00eda para pegados que requieren aplicaci\u00f3n por un solo lado y posteriormente entran a procesos de pespunte.<\/p>\n","protected":false},"excerpt":{"rendered":"<p>SENSITIVO A LA PRESI\u00d3N<\/p>\n","protected":false},"featured_media":5745,"comment_status":"open","ping_status":"closed","template":"","meta":{"_joinchat":[]},"product_cat":[30,67],"product_tag":[],"class_list":["post-5744","product","type-product","status-publish","has-post-thumbnail","hentry","product_cat-adhesivo","product_cat-etiquetas"],"jetpack_sharing_enabled":true,"_links":{"self":[{"href":"https:\/\/vontac.mx\/en\/wp-json\/wp\/v2\/product\/5744","targetHints":{"allow":["GET"]}}],"collection":[{"href":"https:\/\/vontac.mx\/en\/wp-json\/wp\/v2\/product"}],"about":[{"href":"https:\/\/vontac.mx\/en\/wp-json\/wp\/v2\/types\/product"}],"replies":[{"embeddable":true,"href":"https:\/\/vontac.mx\/en\/wp-json\/wp\/v2\/comments?post=5744"}],"wp:featuredmedia":[{"embeddable":true,"href":"https:\/\/vontac.mx\/en\/wp-json\/wp\/v2\/media\/5745"}],"wp:attachment":[{"href":"https:\/\/vontac.mx\/en\/wp-json\/wp\/v2\/media?parent=5744"}],"wp:term":[{"taxonomy":"product_cat","embeddable":true,"href":"https:\/\/vontac.mx\/en\/wp-json\/wp\/v2\/product_cat?post=5744"},{"taxonomy":"product_tag","embeddable":true,"href":"https:\/\/vontac.mx\/en\/wp-json\/wp\/v2\/product_tag?post=5744"}],"curies":[{"name":"wp","href":"https:\/\/api.w.org\/{rel}","templated":true}]}}