{"id":5748,"date":"2023-12-15T16:07:22","date_gmt":"2023-12-15T16:07:22","guid":{"rendered":"https:\/\/vontac.mx\/?post_type=product&#038;p=5748"},"modified":"2024-02-23T19:37:37","modified_gmt":"2024-02-23T19:37:37","slug":"adhesivo-v-247-2","status":"publish","type":"product","link":"https:\/\/vontac.mx\/en\/producto\/adhesivo-v-247-2\/","title":{"rendered":"Adhesivo V-247"},"content":{"rendered":"<div class=\"s5\"><span class=\"s3\">\u2022 <\/span><span class=\"s4\">Adhesivo sensitivo a la presi\u00f3n <\/span><\/div>\n<div class=\"s5\"><span class=\"s3\">\u2022 <\/span><span class=\"s4\">Muy alto <\/span><span class=\"s4\">tack<\/span><span class=\"s4\"> y alta <\/span><span class=\"s4\">contactabilidad<\/span><span class=\"s4\">. (muy pegajoso)<\/span><\/div>\n<div class=\"s5\"><span class=\"s3\">\u2022 <\/span><span class=\"s4\">Ideal para la captura de insectos<\/span><\/div>\n<p><span class=\"s7\">Utilizado principalmente para la fabricaci\u00f3n de captura de insectos en campos agr\u00edcolas, tambi\u00e9n puede ser utilizado para la elaboraci\u00f3n de trampas de roedores de mediano tama\u00f1o. <\/span><\/p>\n<p>&nbsp;<\/p>\n","protected":false},"excerpt":{"rendered":"<p>CAPTURA DE INSECTOS<\/p>\n","protected":false},"featured_media":5749,"comment_status":"open","ping_status":"closed","template":"","meta":{"_joinchat":[]},"product_cat":[68],"product_tag":[],"class_list":["post-5748","product","type-product","status-publish","has-post-thumbnail","hentry","product_cat-agropecuaria"],"jetpack_sharing_enabled":true,"_links":{"self":[{"href":"https:\/\/vontac.mx\/en\/wp-json\/wp\/v2\/product\/5748","targetHints":{"allow":["GET"]}}],"collection":[{"href":"https:\/\/vontac.mx\/en\/wp-json\/wp\/v2\/product"}],"about":[{"href":"https:\/\/vontac.mx\/en\/wp-json\/wp\/v2\/types\/product"}],"replies":[{"embeddable":true,"href":"https:\/\/vontac.mx\/en\/wp-json\/wp\/v2\/comments?post=5748"}],"wp:featuredmedia":[{"embeddable":true,"href":"https:\/\/vontac.mx\/en\/wp-json\/wp\/v2\/media\/5749"}],"wp:attachment":[{"href":"https:\/\/vontac.mx\/en\/wp-json\/wp\/v2\/media?parent=5748"}],"wp:term":[{"taxonomy":"product_cat","embeddable":true,"href":"https:\/\/vontac.mx\/en\/wp-json\/wp\/v2\/product_cat?post=5748"},{"taxonomy":"product_tag","embeddable":true,"href":"https:\/\/vontac.mx\/en\/wp-json\/wp\/v2\/product_tag?post=5748"}],"curies":[{"name":"wp","href":"https:\/\/api.w.org\/{rel}","templated":true}]}}