{"id":7474,"date":"2024-07-01T21:57:43","date_gmt":"2024-07-01T21:57:43","guid":{"rendered":"https:\/\/vontac.mx\/?post_type=product&#038;p=7474"},"modified":"2024-07-01T22:25:20","modified_gmt":"2024-07-01T22:25:20","slug":"cinta-adhesiva-biodegradable","status":"publish","type":"product","link":"https:\/\/vontac.mx\/en\/producto\/cinta-adhesiva-biodegradable\/","title":{"rendered":"Cinta adhesiva Biodegradable"},"content":{"rendered":"<p><strong>Ecol\u00f3gica<\/strong>, fabricada con fibra de madera natural y sin revestimiento de pl\u00e1stico. Una opci\u00f3n ideal para precintar cajas, paquetes y sobres. Se puede reciclar junto con el cart\u00f3n sin separarlos. Producto de primera calidad, que aporta al cliente una nueva experiencia.<\/p>\n<p>Disponible en tama\u00f1os: 48 mm x 50 m (chica), 48 mm x 500 m (mediana) y 72 mm x 500 m (grande)<\/p>\n","protected":false},"excerpt":{"rendered":"<p>IDEAL PARA PRECINTAR CAJAS, PAQUETES Y SOBRES.<\/p>\n","protected":false},"featured_media":7477,"comment_status":"open","ping_status":"closed","template":"","meta":{"_joinchat":[]},"product_cat":[255,40],"product_tag":[],"class_list":["post-7474","product","type-product","status-publish","has-post-thumbnail","hentry","product_cat-cintas-adhesivas","product_cat-nuevos-productos"],"jetpack_sharing_enabled":true,"_links":{"self":[{"href":"https:\/\/vontac.mx\/en\/wp-json\/wp\/v2\/product\/7474","targetHints":{"allow":["GET"]}}],"collection":[{"href":"https:\/\/vontac.mx\/en\/wp-json\/wp\/v2\/product"}],"about":[{"href":"https:\/\/vontac.mx\/en\/wp-json\/wp\/v2\/types\/product"}],"replies":[{"embeddable":true,"href":"https:\/\/vontac.mx\/en\/wp-json\/wp\/v2\/comments?post=7474"}],"wp:featuredmedia":[{"embeddable":true,"href":"https:\/\/vontac.mx\/en\/wp-json\/wp\/v2\/media\/7477"}],"wp:attachment":[{"href":"https:\/\/vontac.mx\/en\/wp-json\/wp\/v2\/media?parent=7474"}],"wp:term":[{"taxonomy":"product_cat","embeddable":true,"href":"https:\/\/vontac.mx\/en\/wp-json\/wp\/v2\/product_cat?post=7474"},{"taxonomy":"product_tag","embeddable":true,"href":"https:\/\/vontac.mx\/en\/wp-json\/wp\/v2\/product_tag?post=7474"}],"curies":[{"name":"wp","href":"https:\/\/api.w.org\/{rel}","templated":true}]}}